{"id":111,"date":"2016-07-29T03:59:39","date_gmt":"2016-07-29T03:59:39","guid":{"rendered":"https:\/\/onlinesbs.org\/fr\/?page_id=111"},"modified":"2025-11-06T07:06:03","modified_gmt":"2025-11-06T07:06:03","slug":"contact","status":"publish","type":"page","link":"https:\/\/onlinesbs.org\/fr\/contact\/","title":{"rendered":"Contact"},"content":{"rendered":"<div id=\"cs-content\" class=\"cs-content\"><div id=\"x-section-1\" class=\"x-section\" style=\"margin: 0px;padding: 45px 0px; background-color: hsl(220, 100%, 30%);\" ><div id=\"\" class=\"x-container max width\" style=\"margin: 0px auto;padding: 0px;\" ><div  class=\"x-column x-sm x-1-1\" style=\"padding: 0px;\" ><h1  class=\"h-custom-headline mtn mbn h2\" style=\"color: hsl(0, 0%, 100%);\"><span>Nous contacter<\/span><\/h1><\/div><\/div><\/div><div id=\"x-section-2\" class=\"x-section x-hide-xs\" style=\"margin: 0px;padding: 0px; background-color: transparent;\" ><div id=\"\" class=\"x-container\" style=\"margin: 0px auto;padding: 0px;\" ><div  class=\"x-column x-sm x-1-1\" style=\"padding: 0px;\" ><div id=\"x-google-map-1\" class=\"x-map x-google-map\" data-x-element=\"google_map\" data-x-params=\"{&quot;lat&quot;:&quot;40.7056308&quot;,&quot;lng&quot;:&quot;-0.357741&quot;,&quot;drag&quot;:true,&quot;zoom&quot;:&quot;3&quot;,&quot;zoomControl&quot;:true,&quot;hue&quot;:&quot;&quot;}\" ><div class=\"x-map-inner x-google-map-inner\" style=\"padding-bottom: 600px;\"><\/div><div class=\"x-google-map-marker\" style=\"position: absolute; visibility: hidden;\" data-x-element=\"google_map_marker\" data-x-params=\"{&quot;lat&quot;:&quot;3.8399976663953166&quot;,&quot;lng&quot;:&quot;11.496248422088883&quot;,&quot;markerInfo&quot;:&quot;YWAM Cameroon&quot;,&quot;startOpen&quot;:false}\"><\/div><div class=\"x-google-map-marker\" style=\"position: absolute; visibility: hidden;\" data-x-element=\"google_map_marker\" data-x-params=\"{&quot;lat&quot;:&quot;51.826651&quot;,&quot;lng&quot;:&quot;-0.357741&quot;,&quot;markerInfo&quot;:&quot;YWAM Harpenden&quot;,&quot;startOpen&quot;:false}\"><\/div><\/div><\/div><\/div><\/div><div id=\"x-section-3\" class=\"x-section\" style=\"margin: 0px;padding: 15px 0px 35px; background-color: transparent;\" ><div id=\"\" class=\"x-container max width\" style=\"margin: 0px auto;padding: 0px;\" ><div  class=\"x-column x-sm x-1-2\" style=\"padding: 0px;\" ><h3  class=\"h-feature-headline h4\" ><span><i class=\"x-icon-smile-o x-framework-icon\" data-x-icon-s=\"&#xf118;\"  style=\"background-color: rgb(102, 153, 51)!important;\" ><\/i>Salutations! <\/span><\/h3><div id=\"\" class=\"x-text\" style=\"\" ><p>Nos staffs sont bas\u00e9s partout dans le monde mais vous pouvez nous contacter ici.<\/p>\n<\/div><h3  class=\"h-feature-headline h4\" ><span><i class=\"x-icon-envelope-o x-framework-icon\" data-x-icon-s=\"&#xf0e0;\"  style=\"background-color: rgb(102, 153, 51)!important;\" ><\/i><a href=\"eib.enligne@gmail.com\">  eib.enligne@gmail.com<\/a><\/span><\/h3><h3  class=\"h-feature-headline h4\" ><span><i class=\"x-icon-phone x-framework-icon\" data-x-icon-s=\"&#xf095;\"  style=\"background-color: rgb(102, 153, 51)!important;\" ><\/i>+237 696 57 71 17<\/span><\/h3><h3  class=\"h-feature-headline h4\" ><span><i class=\"x-icon-home x-framework-icon\" data-x-icon-s=\"&#xf015;\"  style=\"background-color: rgb(102, 153, 51)!important;\" ><\/i>Bureau central<\/span><\/h3><div id=\"\" class=\"x-text\" style=\"\" ><p class=\"p1\">Bureau Central: YWAM Shalom, Rue Shell<\/p>\n<p class=\"p1\">Nsimeyong, Yaounde, Cameroun<\/p>\n<\/div><\/div><div  class=\"x-column x-sm x-1-2\" style=\"padding: 0px;\" ><h3  class=\"h-feature-headline h4\" ><span><i class=\"x-icon-pencil x-framework-icon\" data-x-icon-s=\"&#xf303;\"  style=\"background-color: rgb(102, 153, 51)!important;\" ><\/i>Envoyez-nous un message! <\/span><\/h3><div id=\"\" class=\"x-text\" style=\"\" ><p>Sentez-vous libre d&rsquo;utiliser le formulaire ci-dessous pour nous contacter. <\/p>\n<\/div>\n<div class=\"wpcf7 no-js\" id=\"wpcf7-f38-o1\" lang=\"en-US\" dir=\"ltr\">\n<div class=\"screen-reader-response\"><p role=\"status\" aria-live=\"polite\" aria-atomic=\"true\"><\/p> <ul><\/ul><\/div>\n<form action=\"\/fr\/wp-json\/wp\/v2\/pages\/111#wpcf7-f38-o1\" method=\"post\" class=\"wpcf7-form init\" aria-label=\"Contact form\" novalidate=\"novalidate\" data-status=\"init\">\n<div style=\"display: none;\">\n<input type=\"hidden\" name=\"_wpcf7\" value=\"38\" \/>\n<input type=\"hidden\" name=\"_wpcf7_version\" value=\"5.9.3\" \/>\n<input type=\"hidden\" name=\"_wpcf7_locale\" value=\"en_US\" \/>\n<input type=\"hidden\" name=\"_wpcf7_unit_tag\" value=\"wpcf7-f38-o1\" \/>\n<input type=\"hidden\" name=\"_wpcf7_container_post\" value=\"0\" \/>\n<input type=\"hidden\" name=\"_wpcf7_posted_data_hash\" value=\"\" \/>\n<\/div>\n<style type=\"text\/css\">.eaacbafdabbaf { position: absolute !important; left: -9999vw !important; }<\/style><div id=\"\" class=\"eaacbafdabbaf\"><label for=\"website-eaacbafdabbaf\">Website<\/label><input type=\"url\" name=\"website\" value=\"\" autocomplete=\"disable\" tabindex=\"-1\" id=\"website-eaacbafdabbaf\"  \/><label for=\"firstname-eaacbafdabbaf\">First Name<\/label><input type=\"text\" name=\"firstname\" value=\"\" autocomplete=\"disable\" tabindex=\"-1\" id=\"firstname-eaacbafdabbaf\"  \/><label for=\"lastname-eaacbafdabbaf\">Last Name<\/label><input type=\"text\" name=\"lastname\" value=\"\" autocomplete=\"disable\" tabindex=\"-1\" id=\"lastname-eaacbafdabbaf\"  \/><label for=\"email-eaacbafdabbaf\">Email<\/label><input type=\"email\" name=\"email\" value=\"\" autocomplete=\"disable\" tabindex=\"-1\" id=\"email-eaacbafdabbaf\"  \/><label for=\"1e7aacb3af80109d063a47396bb8af-eaacbafdabbaf\">YWAM Elearning French<\/label><input type=\"text\" name=\"1e7aacb3af80109d063a47396bb8af\" value=\"\" autocomplete=\"disable\" tabindex=\"-1\" id=\"1e7aacb3af80109d063a47396bb8af-eaacbafdabbaf\"  \/><\/div><p>Votre nom (obligatoire)\n<\/p>\n<p><span class=\"wpcf7-form-control-wrap\" data-name=\"your-name\"><input size=\"40\" class=\"wpcf7-form-control wpcf7-text wpcf7-validates-as-required\" aria-required=\"true\" aria-invalid=\"false\" value=\"\" type=\"text\" name=\"your-name\" \/><\/span>\n<\/p>\n<p>Votre adresse courrielle (obligatoire)\n<\/p>\n<p><span class=\"wpcf7-form-control-wrap\" data-name=\"your-email\"><input size=\"40\" class=\"wpcf7-form-control wpcf7-email wpcf7-validates-as-required wpcf7-text wpcf7-validates-as-email\" aria-required=\"true\" aria-invalid=\"false\" value=\"\" type=\"email\" name=\"your-email\" \/><\/span>\n<\/p>\n<p>Votre message\n<\/p>\n<p><span class=\"wpcf7-form-control-wrap\" data-name=\"your-message\"><textarea cols=\"40\" rows=\"10\" class=\"wpcf7-form-control wpcf7-textarea\" aria-invalid=\"false\" name=\"your-message\"><\/textarea><\/span>\n<\/p>\n<p><span class=\"wpcf7-form-control-wrap\" data-name=\"acceptance-386\"><span class=\"wpcf7-form-control wpcf7-acceptance\"><span class=\"wpcf7-list-item\"><label><input type=\"checkbox\" name=\"acceptance-386\" value=\"1\" aria-invalid=\"false\" \/><span class=\"wpcf7-list-item-label\">&nbsp;Veuillez s\u00e9lectionner pour consentir \u00e0 ce que vos donn\u00e9es soient enregistr\u00e9es, conform\u00e9ment \u00e0 notre <a href=\"https:\/\/onlinesbs.org\/fr\/politique-de-confidentialite\/\">politique de confidentialit\u00e9.<\/span><\/label><\/span><\/span><\/span>\n<\/p>\n<p><input class=\"wpcf7-form-control wpcf7-submit has-spinner\" type=\"submit\" value=\"Envoyer\" \/>\n<\/p><p style=\"display: none !important;\" class=\"akismet-fields-container\" data-prefix=\"_wpcf7_ak_\"><label>&#916;<textarea name=\"_wpcf7_ak_hp_textarea\" cols=\"45\" rows=\"8\" maxlength=\"100\"><\/textarea><\/label><input type=\"hidden\" id=\"ak_js_1\" name=\"_wpcf7_ak_js\" value=\"21\"\/><script>document.getElementById( \"ak_js_1\" ).setAttribute( \"value\", ( new Date() ).getTime() );<\/script><\/p><div class=\"wpcf7-response-output\" aria-hidden=\"true\"><\/div>\n<\/form>\n<\/div>\n<\/div><\/div><\/div><\/div>\n","protected":false},"excerpt":{"rendered":"","protected":false},"author":1,"featured_media":0,"parent":0,"menu_order":0,"comment_status":"closed","ping_status":"closed","template":"template-blank-4.php","meta":{"iawp_total_views":51,"footnotes":""},"yoast_head":"<!-- This site is optimized with the Yoast SEO plugin v22.6 - https:\/\/yoast.com\/wordpress\/plugins\/seo\/ -->\n<title>Contact - YWAM Elearning French<\/title>\n<meta name=\"robots\" content=\"index, follow, max-snippet:-1, max-image-preview:large, max-video-preview:-1\" \/>\n<link rel=\"canonical\" href=\"https:\/\/onlinesbs.org\/fr\/contact\/\" \/>\n<meta property=\"og:locale\" content=\"fr_FR\" \/>\n<meta property=\"og:type\" content=\"article\" \/>\n<meta property=\"og:title\" content=\"Contact - YWAM Elearning French\" \/>\n<meta property=\"og:url\" content=\"https:\/\/onlinesbs.org\/fr\/contact\/\" \/>\n<meta property=\"og:site_name\" content=\"YWAM Elearning French\" \/>\n<meta property=\"article:modified_time\" content=\"2025-11-06T07:06:03+00:00\" \/>\n<meta name=\"twitter:card\" content=\"summary_large_image\" \/>\n<meta name=\"twitter:label1\" content=\"Dur\u00e9e de lecture estim\u00e9e\" \/>\n\t<meta name=\"twitter:data1\" content=\"3 minutes\" \/>\n<script type=\"application\/ld+json\" class=\"yoast-schema-graph\">{\"@context\":\"https:\/\/schema.org\",\"@graph\":[{\"@type\":\"WebPage\",\"@id\":\"https:\/\/onlinesbs.org\/fr\/contact\/\",\"url\":\"https:\/\/onlinesbs.org\/fr\/contact\/\",\"name\":\"Contact - YWAM Elearning French\",\"isPartOf\":{\"@id\":\"https:\/\/onlinesbs.org\/fr\/#website\"},\"datePublished\":\"2016-07-29T03:59:39+00:00\",\"dateModified\":\"2025-11-06T07:06:03+00:00\",\"breadcrumb\":{\"@id\":\"https:\/\/onlinesbs.org\/fr\/contact\/#breadcrumb\"},\"inLanguage\":\"fr-FR\",\"potentialAction\":[{\"@type\":\"ReadAction\",\"target\":[\"https:\/\/onlinesbs.org\/fr\/contact\/\"]}]},{\"@type\":\"BreadcrumbList\",\"@id\":\"https:\/\/onlinesbs.org\/fr\/contact\/#breadcrumb\",\"itemListElement\":[{\"@type\":\"ListItem\",\"position\":1,\"name\":\"Home\",\"item\":\"https:\/\/onlinesbs.org\/fr\/\"},{\"@type\":\"ListItem\",\"position\":2,\"name\":\"Contact\"}]},{\"@type\":\"WebSite\",\"@id\":\"https:\/\/onlinesbs.org\/fr\/#website\",\"url\":\"https:\/\/onlinesbs.org\/fr\/\",\"name\":\"YWAM Elearning French\",\"description\":\"Bible Study for Everyone\",\"potentialAction\":[{\"@type\":\"SearchAction\",\"target\":{\"@type\":\"EntryPoint\",\"urlTemplate\":\"https:\/\/onlinesbs.org\/fr\/?s={search_term_string}\"},\"query-input\":\"required name=search_term_string\"}],\"inLanguage\":\"fr-FR\"}]}<\/script>\n<!-- \/ Yoast SEO plugin. -->","yoast_head_json":{"title":"Contact - YWAM Elearning French","robots":{"index":"index","follow":"follow","max-snippet":"max-snippet:-1","max-image-preview":"max-image-preview:large","max-video-preview":"max-video-preview:-1"},"canonical":"https:\/\/onlinesbs.org\/fr\/contact\/","og_locale":"fr_FR","og_type":"article","og_title":"Contact - YWAM Elearning French","og_url":"https:\/\/onlinesbs.org\/fr\/contact\/","og_site_name":"YWAM Elearning French","article_modified_time":"2025-11-06T07:06:03+00:00","twitter_card":"summary_large_image","twitter_misc":{"Dur\u00e9e de lecture estim\u00e9e":"3 minutes"},"schema":{"@context":"https:\/\/schema.org","@graph":[{"@type":"WebPage","@id":"https:\/\/onlinesbs.org\/fr\/contact\/","url":"https:\/\/onlinesbs.org\/fr\/contact\/","name":"Contact - YWAM Elearning French","isPartOf":{"@id":"https:\/\/onlinesbs.org\/fr\/#website"},"datePublished":"2016-07-29T03:59:39+00:00","dateModified":"2025-11-06T07:06:03+00:00","breadcrumb":{"@id":"https:\/\/onlinesbs.org\/fr\/contact\/#breadcrumb"},"inLanguage":"fr-FR","potentialAction":[{"@type":"ReadAction","target":["https:\/\/onlinesbs.org\/fr\/contact\/"]}]},{"@type":"BreadcrumbList","@id":"https:\/\/onlinesbs.org\/fr\/contact\/#breadcrumb","itemListElement":[{"@type":"ListItem","position":1,"name":"Home","item":"https:\/\/onlinesbs.org\/fr\/"},{"@type":"ListItem","position":2,"name":"Contact"}]},{"@type":"WebSite","@id":"https:\/\/onlinesbs.org\/fr\/#website","url":"https:\/\/onlinesbs.org\/fr\/","name":"YWAM Elearning French","description":"Bible Study for Everyone","potentialAction":[{"@type":"SearchAction","target":{"@type":"EntryPoint","urlTemplate":"https:\/\/onlinesbs.org\/fr\/?s={search_term_string}"},"query-input":"required name=search_term_string"}],"inLanguage":"fr-FR"}]}},"_links":{"self":[{"href":"https:\/\/onlinesbs.org\/fr\/wp-json\/wp\/v2\/pages\/111"}],"collection":[{"href":"https:\/\/onlinesbs.org\/fr\/wp-json\/wp\/v2\/pages"}],"about":[{"href":"https:\/\/onlinesbs.org\/fr\/wp-json\/wp\/v2\/types\/page"}],"author":[{"embeddable":true,"href":"https:\/\/onlinesbs.org\/fr\/wp-json\/wp\/v2\/users\/1"}],"replies":[{"embeddable":true,"href":"https:\/\/onlinesbs.org\/fr\/wp-json\/wp\/v2\/comments?post=111"}],"version-history":[{"count":50,"href":"https:\/\/onlinesbs.org\/fr\/wp-json\/wp\/v2\/pages\/111\/revisions"}],"predecessor-version":[{"id":1095,"href":"https:\/\/onlinesbs.org\/fr\/wp-json\/wp\/v2\/pages\/111\/revisions\/1095"}],"wp:attachment":[{"href":"https:\/\/onlinesbs.org\/fr\/wp-json\/wp\/v2\/media?parent=111"}],"curies":[{"name":"wp","href":"https:\/\/api.w.org\/{rel}","templated":true}]}}