{"id":7,"date":"2016-06-25T00:13:08","date_gmt":"2016-06-25T00:13:08","guid":{"rendered":"https:\/\/onlinesbs.org\/fr\/demo-home\/"},"modified":"2024-07-11T11:31:00","modified_gmt":"2024-07-11T11:31:00","slug":"demo-home","status":"publish","type":"page","link":"https:\/\/onlinesbs.org\/fr\/","title":{"rendered":"EIB en ligne"},"content":{"rendered":"<div id=\"cs-content\" class=\"cs-content\"><div id=\"x-section-1\" class=\"x-section bg-image parallax\" style=\"margin: 0px;padding: 100px 0px 400px; background-image: url(https:\/\/onlinesbs.org\/fr\/wp-content\/uploads\/bible-and-coffee.jpg); background-color: transparent;\" data-x-element=\"section\" data-x-params=\"{&quot;type&quot;:&quot;image&quot;,&quot;parallax&quot;:true}\"><div id=\"\" class=\"x-container max width\" style=\"margin: 0px auto;padding: 0px;\" ><div  class=\"x-column x-sm x-1-1\" style=\"padding: 0px;\" ><h1  class=\"h-custom-headline mtn resp-hero h1\" style=\"color: hsl(0, 1%, 94%);color: #fff; text-shadow: 1px 1px 2px rgba(0, 0, 0, 1);\"><span>Etude Inductive de la Bible en ligne<\/span><\/h1><h3  class=\"x-text-type cs-ta-left mtn mbn resp-tt x-hide-xs h2\" style=\"color: #fff; text-shadow: 1px 1px 2px rgba(0, 0, 0, 1);\" data-x-element-text-type=\"{&quot;strings&quot;:[&quot;EIB en ligne : cours d&#039;\\u00e9tude inductive de la Bible. &quot;,&quot;D\\u00e9veloppez vos comp\\u00e9tences d&#039;observation biblique. &quot;,&quot;Am\\u00e9liorez votre capacit\\u00e9 \\u00e0 interpr\\u00e9ter l&#039;Ecriture. &quot;,&quot;Soyez encouragez dans votre application des v\\u00e9rit\\u00e9s bibliques. &quot;,&quot;\\u00c9tudiez dans le confort de votre propre maison \\u00e0 votre propre rythme. &quot;,&quot;Construisez des amiti\\u00e9s avec d&#039;autres \\u00e9tudiants partout dans le monde. &quot;],&quot;type_speed&quot;:1,&quot;start_delay&quot;:1000,&quot;back_speed&quot;:1,&quot;back_delay&quot;:2000,&quot;loop&quot;:true,&quot;show_cursor&quot;:true,&quot;cursor&quot;:&quot;|&quot;}\"><span class=\"prefix\">~ <\/span><span class=\"text\"><\/span><\/h3><hr  class=\"x-gap\" style=\"margin: 30px 0 0 0;\"><\/div><\/div><div id=\"\" class=\"x-container cs-ta-center max width\" style=\"margin: 0px auto;padding: 0px 0px 30px;\" ><div  class=\"x-column x-sm x-1-4\" style=\"padding: 0px;\" ><a  class=\"x-btn x-btn-global\"  href=\"\/es\"  target=\"_blank\" rel=\"\"   data-options=\"thumbnail: ''\">&nbsp;&nbsp;&nbsp;&nbsp;Espagnol&nbsp;&nbsp;&nbsp;&nbsp;<\/a><\/div><div  class=\"x-column x-sm x-1-4\" style=\"padding: 0px;\" ><a  class=\"x-btn x-btn-global\"  href=\"http:\/\/onlinesbs.org\"  target=\"_blank\" rel=\"\"   data-options=\"thumbnail: ''\">&nbsp;&nbsp;&nbsp;&nbsp;&nbsp;Anglais&nbsp;&nbsp;&nbsp;&nbsp;&nbsp;<\/a><\/div><div  class=\"x-column x-sm x-1-4\" style=\"padding: 0px;\" ><a  class=\"x-btn x-btn-global\"  href=\"\/ar\"  target=\"_blank\" rel=\"\"   data-options=\"thumbnail: ''\">&nbsp;&nbsp;&nbsp;&nbsp;&nbsp;&nbsp;Arabe&nbsp;&nbsp;&nbsp;&nbsp;&nbsp;<\/a><\/div><div  class=\"x-column x-sm x-1-4\" style=\"padding: 0px;\" ><a  class=\"x-btn x-btn-global\"  href=\"\/pt\"  target=\"_blank\" rel=\"\"   data-options=\"thumbnail: ''\">Portuguais<\/a><\/div><\/div><div id=\"\" class=\"x-container cs-ta-center max width\" style=\"margin: 0px auto;padding: 0px;\" ><div  class=\"x-column x-sm x-1-4\" style=\"padding: 0px;\" ><a  class=\"x-btn x-btn-global\"  href=\"\/ko\"  target=\"_blank\" rel=\"\"   data-options=\"thumbnail: ''\">&nbsp;&nbsp;&nbsp;&nbsp;Cor\u00e9en&nbsp;&nbsp;&nbsp;&nbsp;<\/a><\/div><div  class=\"x-column x-sm x-1-4\" style=\"padding: 0px;\" ><a  class=\"x-btn x-btn-global\"  href=\"\/ru\"  target=\"_blank\" rel=\"\"   data-options=\"thumbnail: ''\">&nbsp;&nbsp;&nbsp;&nbsp;Russe&nbsp;&nbsp;&nbsp;&nbsp;<\/a><\/div><div  class=\"x-column x-sm x-1-4\" style=\"padding: 0px;\" ><a  class=\"x-btn x-btn-global\"  href=\"\/cn\"  target=\"_blank\" rel=\"\"   data-options=\"thumbnail: ''\">&nbsp;&nbsp;&nbsp;&nbsp;Chinois&nbsp;&nbsp;&nbsp;&nbsp;<\/a><\/div><div  class=\"x-column x-sm x-1-4\" style=\"padding: 0px;\" ><a  class=\"x-btn x-btn-global\"  href=\"\/ph\"  target=\"_blank\" rel=\"\"   data-options=\"thumbnail: ''\">&nbsp;&nbsp;&nbsp;&nbsp;Filipino&nbsp;&nbsp;&nbsp;&nbsp;<\/a><\/div><\/div><div id=\"\" class=\"x-container max width\" style=\"margin: 0px auto;padding: 0px;\" ><div  class=\"x-column x-sm x-1-1\" style=\"padding: 0px;\" >&nbsp;<\/div><\/div><\/div><div id=\"x-section-2\" class=\"x-section\" style=\"margin: 0px;padding: 65px 0px 45px; background-color: hsl(0, 4%, 95%);\" ><div id=\"\" class=\"x-container max width\" style=\"margin: 0px auto;padding: 0px;\" ><div  class=\"x-column x-sm cs-ta-center x-1-2\" style=\"padding: 0px;opacity: 0; transform: translate(-45px, 0); transition-duration: 750ms;\" data-x-element=\"column\" data-x-params=\"{&quot;fade&quot;:true}\" data-fade=\"true\"><img decoding=\"async\"  class=\"x-img man x-img-thumbnail\"  src=\"https:\/\/onlinesbs.org\/fr\/wp-content\/uploads\/bible-home-study.jpg\" alt=\"bible study home\"><\/div><div  class=\"x-column x-sm cs-ta-right x-1-2\" style=\"padding: 0px 20px 0px 0px;\" ><h2  class=\"h-custom-headline resp-h-timeline h2\" style=\"margin: 0;\"><span>Etudes bibliques <\/span><\/h2><div id=\"\" class=\"x-text cs-ta-right resp-p man\" style=\"\" ><p>L'EIB en ligne est con\u00e7ue pour rendre la c\u00e9l\u00e8bre \u00e9cole d'\u00e9tude biblique de Jeunesse en Mission accessible \u00e0 toute personne int\u00e9ress\u00e9e, quel que soit son arri\u00e8re-plan. Si vous avez faim de mieux conna\u00eetre la Parole de Dieu et que vous voulez l'\u00e9tudier plus en profondeur, r\u00e9fl\u00e9chissez \u00e0 l'id\u00e9e de faire l'EIB en ligne. Chaque module de l'EIB en ligne est accr\u00e9dit\u00e9 avec l\u2019Universit\u00e9 des Nations de Jeunesse en Mission dans le programme d'Extensions d'Etudes et chaque \u00e9tudiant recevra, \u00e0 l'issue d'un module, les cr\u00e9dits qui y sont attach\u00e9s. <\/p>\n<\/div><\/div><\/div><\/div><div id=\"x-section-3\" class=\"x-section\" style=\"margin: 0px;padding: 45px 0px; background-color: hsl(0, 4%, 95%);\" ><div id=\"\" class=\"x-container max width\" style=\"margin: 0px auto;padding: 0px;\" ><div  class=\"x-column x-sm x-1-2\" style=\"padding: 0px;\" ><h2  class=\"h-custom-headline resp-h h2\" style=\"margin: 0;\"><span>Etudes \u00e0 la maison<\/span><\/h2><div id=\"\" class=\"x-text resp-p man\" style=\"\" ><p>Toute l'\u00e9tude se fera depuis chez-vous. Etudiants et mentors sont connect\u00e9es par courriel, chat et conf\u00e9rences vid\u00e9os. <\/p>\n<p>L'EIB en ligne est cr\u00e9\u00e9e de mani\u00e8re \u00e0 pouvoir s'int\u00e9grer dans votre situation de vie, de travail et de minist\u00e8re. \u00c7a demande du temps et de l'effort, mais les r\u00e9sultats en valent la peine et vous serviront dans une vie chr\u00e9tienne enrichie. <\/p>\n<\/div><a  class=\"x-btn x-btn-regular\"  href=\"\/fr\/forumlaire-dinscription\" title=\"Title\"    data-options=\"thumbnail: ''\"><i  class=\"x-icon mvn mln mrs x-icon-star-o\" data-x-icon-s=\"&#xf005;\" aria-hidden=\"true\"><\/i>Inscrivez-vous maintenant<\/a><\/div><div  class=\"x-column x-sm cs-ta-center x-1-2\" style=\"padding: 0px;opacity: 0; transform: translate(45px, 0); transition-duration: 750ms;\" data-x-element=\"column\" data-x-params=\"{&quot;fade&quot;:true}\" data-fade=\"true\"><img decoding=\"async\"  class=\"x-img man x-img-thumbnail\"  src=\"https:\/\/onlinesbs.org\/fr\/wp-content\/uploads\/study-home.jpg\" alt=\"inductive bible study\"><\/div><\/div><\/div><div id=\"x-section-4\" class=\"x-section\" style=\"margin: 0px;padding: 45px 0px 0px; background-color: transparent;\" ><div id=\"\" class=\"x-container max width\" style=\"margin: 0px auto;padding: 0px;\" ><div  class=\"x-column x-sm x-1-1\" style=\"padding: 0px;\" ><div  class=\"x-card-outer flip-from-left center-vertically\" data-x-element=\"classic_card\"><div class=\"x-card-inner\"><div class=\"x-face-outer front\" style=\"border-width: 4px 4px 4px 4px; border-style: groove; border-color: hsl(16, 74%, 29%); color: #ffffff; background-color: hsl(90, 50%, 40%);\"><div class=\"x-face-inner\"><div class=\"x-face-content\" style=\"padding: 1% 1% 1% 1%;\"><h4 class=\"x-face-title\">Test gratuit<\/h4><p class=\"x-face-text\">Les trois premi\u00e8res unit\u00e9s du module 1 sont disponibles pour vous donner une aper\u00e7u du cours et de comment \u00e7a fonctionne.\n&nbsp;\nLa premi\u00e8re unit\u00e9 explique ce qu'est l'\u00e9tude inductive de la Bible et comme \u00e7a fonctionne, et la deuxi\u00e8me unit\u00e9 applique cette approche en utilisant la lettre de Paul \u00e0 Phil\u00e9mon.   \n&nbsp;\nLa troisi\u00e8me unit\u00e9 est une \u00e9tude de Tite et explique la m\u00e9thode utilis\u00e9e pour mettre par \u00e9crit vos d\u00e9couvertes pendant l'EIB et pourquoi elle est utilis\u00e9e.   \n&nbsp;  \n<b>PLUS<\/b><\/p><\/div><\/div><\/div><div class=\"x-face-outer back\" style=\"border-width: 4px 4px 4px 4px; border-style: groove; border-color: hsl(16, 74%, 29%); color: #ffffff; background-color: hsl(220, 100%, 30%);\"><div class=\"x-face-inner\"><div class=\"x-face-content\" style=\"padding: 1% 1% 1% 1%;\"><h4 class=\"x-face-title\">Test gratuit<\/h4><p class=\"x-face-text\">Choisissez l'option \"connexion anonyme\" pour avoir acc\u00e8s au cours. \n&nbsp;\nToutes les options du cours ne sont pas disponible avec cette option anonyme. <\/p><a class=\"x-face-button\" style=\"color: #ffffff; background-color: hsl(16, 74%, 29%);\" href=\"https:\/\/ywamelearning.com\/moodle\/course\/index.php?categoryid=98\">Connectez-vous ici<\/a><\/div><\/div><\/div><\/div><\/div><\/div><\/div><\/div><div id=\"x-section-5\" class=\"x-section cs-ta-center\" style=\"margin: 0px;padding: 25px 0px; background-color: hsl(220, 100%, 30%);\" ><div id=\"\" class=\"x-container max width\" style=\"margin: 0px auto;padding: 0px;\" ><div  class=\"x-column x-sm x-1-3\" style=\"padding: 0px;opacity: 0; transform: translate(0, 45px); transition-duration: 750ms;\" data-x-element=\"column\" data-x-params=\"{&quot;fade&quot;:true}\" data-fade=\"true\"><blockquote  class=\"x-blockquote\" style=\"color: #fff; font-size:18px;\">Je re\u00e7ois beaucoup en \u00e9tudiant en profondeur - je suis particuli\u00e8rement touch\u00e9e par la gr\u00e2ce et la fid\u00e9lit\u00e9 de Dieu. L'importance du vrai \u00e9vangile, l'adoption et \u00eatre une h\u00e9riti\u00e8re ressortent encore plus fort. <cite class=\"x-cite\">Kristin (Norv\u00e8ge)<\/cite><\/blockquote><\/div><div  class=\"x-column x-sm x-1-3\" style=\"padding: 0px;opacity: 0; transform: translate(0, 45px); transition-duration: 750ms;\" data-x-element=\"column\" data-x-params=\"{&quot;fade&quot;:true}\" data-fade=\"true\"><blockquote  class=\"x-blockquote\" style=\"color: #fff; font-size:18px;\">J'ai tellement appris de mes \u00e9tudes jusqu'\u00e0 maintenant. Cette nouvelle mani\u00e8re de livre la Bible et de creuser plus profond\u00e9ment m'a vraiment ouvert les yeux mais c'est clairement Galates qui a eu le plus grand impact dans ma vie. J'ai compris de mani\u00e8re plus compl\u00e8te pour la premi\u00e8re fois la relation entre la loi et la gr\u00e2ce. Ce qui m'a \u00e9pat\u00e9.<cite class=\"x-cite\">Dot (Royaume-Unis)<\/cite><\/blockquote><\/div><div  class=\"x-column x-sm x-1-3\" style=\"padding: 0px;opacity: 0; transform: translate(0, 45px); transition-duration: 750ms;\" data-x-element=\"column\" data-x-params=\"{&quot;fade&quot;:true}\" data-fade=\"true\"><blockquote  class=\"x-blockquote\" style=\"color: #fff; font-size:18px;\">Je pense que ce que je pr\u00e9f\u00e8re jusqu'\u00e0 maintenant c'est le fait que je puisse enfin comprendre les passages que je ne comprenais pas avant. \u00e7a m'a donn\u00e9 une nouvelle foi en la Bible comme la Parole de Dieu donn\u00e9e pour nous \u00e0 travers des humains. <cite class=\"x-cite\">Eirin (Norv\u00e8ge)<\/cite><\/blockquote><\/div><\/div><div id=\"\" class=\"x-container max width\" style=\"margin: 0px auto;padding: 30px 5% 0px;\" ><div  class=\"x-column x-sm x-1-1\" style=\"padding: 0px;opacity: 0; transform: translate(0, 45px); transition-duration: 750ms;\" data-x-element=\"column\" data-x-params=\"{&quot;fade&quot;:true}\" data-fade=\"true\"><a  class=\"x-btn x-btn-large\"  href=\"\/fr\/forumlaire-dinscription\" title=\"Title\"    data-options=\"thumbnail: ''\"><i  class=\"x-icon mvn mln mrs x-icon-star-o\" data-x-icon-s=\"&#xf005;\" aria-hidden=\"true\"><\/i>Inscrivez-vous maintenant<\/a><div id=\"\" class=\"x-text\" style=\"color: #fff;\" ><p>Suivez les instructions de l'inscription. Votre responsable de cours vous donnera la date de d\u00e9but de la prochaine session. <\/p>\n<\/div><\/div><\/div><\/div><span data-x-element-responsive-text=\"{&quot;selector&quot;:&quot;.resp-h&quot;,&quot;compression&quot;:&quot;1.35&quot;,&quot;minFontSize&quot;:&quot;36px&quot;,&quot;maxFontSize&quot;:&quot;64px&quot;}\" class=\"e7-e58\"><\/span><span data-x-element-responsive-text=\"{&quot;selector&quot;:&quot;.resp-p&quot;,&quot;compression&quot;:&quot;2.65&quot;,&quot;minFontSize&quot;:&quot;18px&quot;,&quot;maxFontSize&quot;:&quot;21px&quot;}\" class=\"e7-e59\"><\/span><span data-x-element-responsive-text=\"{&quot;selector&quot;:&quot;.resp-hero&quot;,&quot;compression&quot;:&quot;1.35&quot;,&quot;minFontSize&quot;:&quot;45px&quot;,&quot;maxFontSize&quot;:&quot;60px&quot;}\" class=\"e7-e60\"><\/span><span data-x-element-responsive-text=\"{&quot;selector&quot;:&quot;.resp-tt&quot;,&quot;compression&quot;:&quot;3&quot;,&quot;minFontSize&quot;:&quot;20px&quot;,&quot;maxFontSize&quot;:&quot;38px&quot;}\" class=\"e7-e61\"><\/span><\/div>\n","protected":false},"excerpt":{"rendered":"<p>Etude Inductive de la Bible en ligne~ &nbsp;&nbsp;&nbsp;&nbsp;Espagnol&nbsp;&nbsp;&nbsp;&nbsp;&nbsp;&nbsp;&nbsp;&nbsp;&nbsp;Anglais&nbsp;&nbsp;&nbsp;&nbsp;&nbsp;&nbsp;&nbsp;&nbsp;&nbsp;&nbsp;&nbsp;Arabe&nbsp;&nbsp;&nbsp;&nbsp;&nbsp;Portuguais&nbsp;&nbsp;&nbsp;&nbsp;Cor\u00e9en&nbsp;&nbsp;&nbsp;&nbsp;&nbsp;&nbsp;&nbsp;&nbsp;Russe&nbsp;&nbsp;&nbsp;&nbsp;&nbsp;&nbsp;&nbsp;&nbsp;Chinois&nbsp;&nbsp;&nbsp;&nbsp;&nbsp;&nbsp;&nbsp;&nbsp;Filipino&nbsp;&nbsp;&nbsp;&nbsp;&nbsp;Etudes bibliques L&rsquo;EIB en ligne est con\u00e7ue pour rendre la c\u00e9l\u00e8bre \u00e9cole d&rsquo;\u00e9tude biblique de Jeunesse en Mission accessible \u00e0 toute personne int\u00e9ress\u00e9e, &#8230; <\/p>\n<div><a href=\"https:\/\/onlinesbs.org\/fr\/\" class=\"more-link\">Read More<\/a><\/div>\n","protected":false},"author":1,"featured_media":0,"parent":0,"menu_order":0,"comment_status":"closed","ping_status":"closed","template":"template-blank-4.php","meta":{"iawp_total_views":491,"footnotes":""},"yoast_head":"<!-- This site is optimized with the Yoast SEO plugin v22.6 - https:\/\/yoast.com\/wordpress\/plugins\/seo\/ -->\n<title>EIB en ligne - YWAM Elearning French<\/title>\n<meta name=\"robots\" content=\"index, follow, max-snippet:-1, max-image-preview:large, max-video-preview:-1\" \/>\n<link rel=\"canonical\" href=\"https:\/\/onlinesbs.org\/fr\/\" \/>\n<meta property=\"og:locale\" content=\"fr_FR\" \/>\n<meta property=\"og:type\" content=\"article\" \/>\n<meta property=\"og:title\" content=\"EIB en ligne - YWAM Elearning French\" \/>\n<meta property=\"og:description\" content=\"Etude Inductive de la Bible en ligne~ &nbsp;&nbsp;&nbsp;&nbsp;Espagnol&nbsp;&nbsp;&nbsp;&nbsp;&nbsp;&nbsp;&nbsp;&nbsp;&nbsp;Anglais&nbsp;&nbsp;&nbsp;&nbsp;&nbsp;&nbsp;&nbsp;&nbsp;&nbsp;&nbsp;&nbsp;Arabe&nbsp;&nbsp;&nbsp;&nbsp;&nbsp;Portuguais&nbsp;&nbsp;&nbsp;&nbsp;Cor\u00e9en&nbsp;&nbsp;&nbsp;&nbsp;&nbsp;&nbsp;&nbsp;&nbsp;Russe&nbsp;&nbsp;&nbsp;&nbsp;&nbsp;&nbsp;&nbsp;&nbsp;Chinois&nbsp;&nbsp;&nbsp;&nbsp;&nbsp;&nbsp;&nbsp;&nbsp;Filipino&nbsp;&nbsp;&nbsp;&nbsp;&nbsp;Etudes bibliques L&#039;EIB en ligne est con\u00e7ue pour rendre la c\u00e9l\u00e8bre \u00e9cole d&#039;\u00e9tude biblique de Jeunesse en Mission accessible \u00e0 toute personne int\u00e9ress\u00e9e, ... Read More\" \/>\n<meta property=\"og:url\" content=\"https:\/\/onlinesbs.org\/fr\/\" \/>\n<meta property=\"og:site_name\" content=\"YWAM Elearning French\" \/>\n<meta property=\"article:modified_time\" content=\"2024-07-11T11:31:00+00:00\" \/>\n<meta name=\"twitter:card\" content=\"summary_large_image\" \/>\n<meta name=\"twitter:label1\" content=\"Dur\u00e9e de lecture estim\u00e9e\" \/>\n\t<meta name=\"twitter:data1\" content=\"11 minutes\" \/>\n<script type=\"application\/ld+json\" class=\"yoast-schema-graph\">{\"@context\":\"https:\/\/schema.org\",\"@graph\":[{\"@type\":\"WebPage\",\"@id\":\"https:\/\/onlinesbs.org\/fr\/\",\"url\":\"https:\/\/onlinesbs.org\/fr\/\",\"name\":\"EIB en ligne - YWAM Elearning French\",\"isPartOf\":{\"@id\":\"https:\/\/onlinesbs.org\/fr\/#website\"},\"datePublished\":\"2016-06-25T00:13:08+00:00\",\"dateModified\":\"2024-07-11T11:31:00+00:00\",\"breadcrumb\":{\"@id\":\"https:\/\/onlinesbs.org\/fr\/#breadcrumb\"},\"inLanguage\":\"fr-FR\",\"potentialAction\":[{\"@type\":\"ReadAction\",\"target\":[\"https:\/\/onlinesbs.org\/fr\/\"]}]},{\"@type\":\"BreadcrumbList\",\"@id\":\"https:\/\/onlinesbs.org\/fr\/#breadcrumb\",\"itemListElement\":[{\"@type\":\"ListItem\",\"position\":1,\"name\":\"Home\",\"item\":\"https:\/\/onlinesbs.org\/fr\/\"},{\"@type\":\"ListItem\",\"position\":2,\"name\":\"EIB en ligne\"}]},{\"@type\":\"WebSite\",\"@id\":\"https:\/\/onlinesbs.org\/fr\/#website\",\"url\":\"https:\/\/onlinesbs.org\/fr\/\",\"name\":\"YWAM Elearning French\",\"description\":\"Bible Study for Everyone\",\"potentialAction\":[{\"@type\":\"SearchAction\",\"target\":{\"@type\":\"EntryPoint\",\"urlTemplate\":\"https:\/\/onlinesbs.org\/fr\/?s={search_term_string}\"},\"query-input\":\"required name=search_term_string\"}],\"inLanguage\":\"fr-FR\"}]}<\/script>\n<!-- \/ Yoast SEO plugin. -->","yoast_head_json":{"title":"EIB en ligne - YWAM Elearning French","robots":{"index":"index","follow":"follow","max-snippet":"max-snippet:-1","max-image-preview":"max-image-preview:large","max-video-preview":"max-video-preview:-1"},"canonical":"https:\/\/onlinesbs.org\/fr\/","og_locale":"fr_FR","og_type":"article","og_title":"EIB en ligne - YWAM Elearning French","og_description":"Etude Inductive de la Bible en ligne~ &nbsp;&nbsp;&nbsp;&nbsp;Espagnol&nbsp;&nbsp;&nbsp;&nbsp;&nbsp;&nbsp;&nbsp;&nbsp;&nbsp;Anglais&nbsp;&nbsp;&nbsp;&nbsp;&nbsp;&nbsp;&nbsp;&nbsp;&nbsp;&nbsp;&nbsp;Arabe&nbsp;&nbsp;&nbsp;&nbsp;&nbsp;Portuguais&nbsp;&nbsp;&nbsp;&nbsp;Cor\u00e9en&nbsp;&nbsp;&nbsp;&nbsp;&nbsp;&nbsp;&nbsp;&nbsp;Russe&nbsp;&nbsp;&nbsp;&nbsp;&nbsp;&nbsp;&nbsp;&nbsp;Chinois&nbsp;&nbsp;&nbsp;&nbsp;&nbsp;&nbsp;&nbsp;&nbsp;Filipino&nbsp;&nbsp;&nbsp;&nbsp;&nbsp;Etudes bibliques L'EIB en ligne est con\u00e7ue pour rendre la c\u00e9l\u00e8bre \u00e9cole d'\u00e9tude biblique de Jeunesse en Mission accessible \u00e0 toute personne int\u00e9ress\u00e9e, ... Read More","og_url":"https:\/\/onlinesbs.org\/fr\/","og_site_name":"YWAM Elearning French","article_modified_time":"2024-07-11T11:31:00+00:00","twitter_card":"summary_large_image","twitter_misc":{"Dur\u00e9e de lecture estim\u00e9e":"11 minutes"},"schema":{"@context":"https:\/\/schema.org","@graph":[{"@type":"WebPage","@id":"https:\/\/onlinesbs.org\/fr\/","url":"https:\/\/onlinesbs.org\/fr\/","name":"EIB en ligne - YWAM Elearning French","isPartOf":{"@id":"https:\/\/onlinesbs.org\/fr\/#website"},"datePublished":"2016-06-25T00:13:08+00:00","dateModified":"2024-07-11T11:31:00+00:00","breadcrumb":{"@id":"https:\/\/onlinesbs.org\/fr\/#breadcrumb"},"inLanguage":"fr-FR","potentialAction":[{"@type":"ReadAction","target":["https:\/\/onlinesbs.org\/fr\/"]}]},{"@type":"BreadcrumbList","@id":"https:\/\/onlinesbs.org\/fr\/#breadcrumb","itemListElement":[{"@type":"ListItem","position":1,"name":"Home","item":"https:\/\/onlinesbs.org\/fr\/"},{"@type":"ListItem","position":2,"name":"EIB en ligne"}]},{"@type":"WebSite","@id":"https:\/\/onlinesbs.org\/fr\/#website","url":"https:\/\/onlinesbs.org\/fr\/","name":"YWAM Elearning French","description":"Bible Study for Everyone","potentialAction":[{"@type":"SearchAction","target":{"@type":"EntryPoint","urlTemplate":"https:\/\/onlinesbs.org\/fr\/?s={search_term_string}"},"query-input":"required name=search_term_string"}],"inLanguage":"fr-FR"}]}},"_links":{"self":[{"href":"https:\/\/onlinesbs.org\/fr\/wp-json\/wp\/v2\/pages\/7"}],"collection":[{"href":"https:\/\/onlinesbs.org\/fr\/wp-json\/wp\/v2\/pages"}],"about":[{"href":"https:\/\/onlinesbs.org\/fr\/wp-json\/wp\/v2\/types\/page"}],"author":[{"embeddable":true,"href":"https:\/\/onlinesbs.org\/fr\/wp-json\/wp\/v2\/users\/1"}],"replies":[{"embeddable":true,"href":"https:\/\/onlinesbs.org\/fr\/wp-json\/wp\/v2\/comments?post=7"}],"version-history":[{"count":118,"href":"https:\/\/onlinesbs.org\/fr\/wp-json\/wp\/v2\/pages\/7\/revisions"}],"predecessor-version":[{"id":1077,"href":"https:\/\/onlinesbs.org\/fr\/wp-json\/wp\/v2\/pages\/7\/revisions\/1077"}],"wp:attachment":[{"href":"https:\/\/onlinesbs.org\/fr\/wp-json\/wp\/v2\/media?parent=7"}],"curies":[{"name":"wp","href":"https:\/\/api.w.org\/{rel}","templated":true}]}}