{"id":71,"date":"2016-07-29T01:21:58","date_gmt":"2016-07-29T01:21:58","guid":{"rendered":"https:\/\/onlinesbs.org\/fr\/?page_id=71"},"modified":"2025-11-06T06:53:16","modified_gmt":"2025-11-06T06:53:16","slug":"les-responsables","status":"publish","type":"page","link":"https:\/\/onlinesbs.org\/fr\/les-responsables\/","title":{"rendered":"Les responsables"},"content":{"rendered":"<div id=\"cs-content\" class=\"cs-content\"><div id=\"x-section-1\" class=\"x-section\" style=\"margin: 0px;padding: 45px 0px; background-color: hsl(220, 100%, 30%);\" ><div id=\"\" class=\"x-container max width\" style=\"margin: 0px auto;padding: 0px;\" ><div  class=\"x-column x-sm x-1-1\" style=\"padding: 0px;\" ><h1  class=\"h-custom-headline mtn mbn h2\" style=\"color: hsl(0, 0%, 100%);\"><span>Responsables EIB en ligne<\/span><\/h1><\/div><\/div><\/div><div id=\"x-section-2\" class=\"x-section bg-image parallax\" style=\"margin: 0px;padding: 105px 0px; background-image: url(https:\/\/onlinesbs.org\/fr\/wp-content\/uploads\/reading-bible.jpg); background-color: transparent;\" data-x-element=\"section\" data-x-params=\"{&quot;type&quot;:&quot;image&quot;,&quot;parallax&quot;:true}\"><div id=\"\" class=\"x-container max width\" style=\"margin: 0px auto;padding: 0px;\" ><div  class=\"x-column x-sm x-1-1\" style=\"padding: 0px;\" ><hr  class=\"x-gap\" style=\"margin: 70px 0 0 0;\"><hr  class=\"x-gap\" style=\"margin: 70px 0 0 0;\"><h2  class=\"h-custom-headline mtn h3\" style=\"color: hsl(0, 0%, 99%);color: #fff; text-shadow: 1px 1px 2px rgba(0, 0, 0, 1);\"><span>Qui sommes-nous?<\/span><\/h2><h5  class=\"h-custom-headline cs-ta-left mtn mbm h5\" style=\"color: hsl(0, 2%, 98%);color: #fff; text-shadow: 1px 1px 2px rgba(0, 0, 0, 1);\"><span>Ci-dessous vous trouverez quelques informations sur les diff\u00e9rents responsables. <\/span><\/h5><a  class=\"x-btn alignright x-btn-global\"  href=\"\/fr\/les-responsables\/diplomes-eib\"     data-options=\"thumbnail: ''\">Dipl\u00f4m\u00e9s &#8211; rejoignez-nous<\/a><\/div><\/div><\/div><div id=\"x-section-3\" class=\"x-section\" style=\"margin: 0px;padding: 45px 0px; background-color: hsl(0, 0%, 90%);\" ><div id=\"\" class=\"x-container max width\" style=\"margin: 0px auto;padding: 0px;\" ><div  class=\"x-column x-sm x-1-3\" style=\"padding: 0px;\" ><hr  class=\"x-gap x-hide-xl x-hide-sm x-hide-xs\" style=\"margin: 90px 0 0 0;\"><img decoding=\"async\"  class=\"x-img aligncenter x-img-thumbnail\"  src=\"https:\/\/onlinesbs.org\/fr\/wp-content\/uploads\/Phil-Leage.jpg\" ><\/div><div  class=\"x-column x-sm x-2-3\" style=\"padding: 0px;\" ><h3  class=\"h-custom-headline cs-ta-center mtn mbs h3\" ><span>Phil Leage<\/span><\/h3><h6  class=\"h-custom-headline cs-ta-center mtn mbm h6\" ><span>Directeur EIB en ligne<\/span><\/h6><div id=\"\" class=\"x-text\" style=\"\" ><p>Alors que je travaille depuis trois d\u00e9cennies avec l\u2019Etude Inductive de la Bible (EIB), une \u00e9cole de Jeunesse en Mission (JEM), j\u2019avais depuis longtemps  le d\u00e9sir de cr\u00e9er un cours dynamique accessible \u00e0 tous ceux qui n\u2019ont pas la possibilit\u00e9 de suivre une de ces \u00e9coles, et en particulier, de rendre ce cours disponible au Corps de Christ. <\/p>\n<\/div><div  class=\"x-columnize\" >Quelques informations sur moi-m\u00eame!<br \/>\nMon nom est Philip Leage, mais les gens m&rsquo;appelle Phil la plupart du temps. Je suis anglais mais j&rsquo;ai v\u00e9cu dans diff\u00e9rents pays et sur un centre de JEM pendant longtemps qui m&rsquo;a laiss\u00e9 avec un accent assez m\u00e9lang\u00e9. J&rsquo;ai quitt\u00e9 l&rsquo;\u00e9cole pour me former en tant que m\u00e9canicien et c&rsquo;est ce que j&rsquo;ai fait pendant 13 ans, tout en sachant que ce n&rsquo;\u00e9tait pas ce \u00e0 quoi Dieu m&rsquo;avait appel\u00e9 au long terme. Comme je ne connaissais pas mon appel, j&rsquo;ai continu\u00e9 \u00e0 travailler au garage  et j&rsquo;\u00e9tais tr\u00e8s impliqu\u00e9 dans mon \u00e9glise locale.<\/p>\n<p>C&rsquo;est seulement en 1982 que j&rsquo;ai senti que Dieu me lib\u00e9rait de r\u00e9parer des voitures pour rejoindre JEM, ce que j&rsquo;ai fait en rejoignant une \u00e9cole d&rsquo;\u00e9vang\u00e9lisation \u00e0 Lausanne, en Suisse, en janvier 1983 (je n&rsquo;ai toujours pas fait d&rsquo;EFD mais gardez \u00e7a secret!) Lorsque je suis arriv\u00e9 et que j&rsquo;ai d\u00e9couvert l&rsquo;horaire des semaines de cours, c&rsquo;est avec d\u00e9sarroi que j&rsquo;ai remarqu\u00e9 une semaine compl\u00e8te dont le titre \u00e9tait \u00ab\u00a0Etude de la Bible\u00a0\u00bb. \u00ab\u00a0Oh non!\u00a0\u00bb j&rsquo;ai pens\u00e9, pas toute une semaine sur l&rsquo;\u00e9tude de la Bible, on sait tous \u00e0 quel point ce sera ennuyeux! Pourtant, c&rsquo;est cette semaine qui a chang\u00e9 le cours de ma vie. <\/div><\/div><\/div><div id=\"\" class=\"x-container max width\" style=\"margin: 0px auto;padding: 0px;\" ><div  class=\"x-column x-sm x-1-1\" style=\"padding: 0px;\" ><div  class=\"x-columnize\" >Nous avons eu le privil\u00e8ge d&rsquo;avoir un enseignement Dr. Earl Morey. Il a parl\u00e9 de Phil\u00e9mon et Eph\u00e9siens, et apr\u00e8s seulement une heure de cours, j&rsquo;ai r\u00e9alis\u00e9 qu&rsquo;il parlait d&rsquo;un type d&rsquo;\u00e9tude biblique dont je ne connaissais pas l&rsquo;existence. <\/p>\n<p>En sachant que j&rsquo;\u00e9tais appel\u00e9 \u00e0 enseigner la Bible et en entendant parler de l&rsquo;Etude Inductive de la Bible, j&rsquo;ai eu le d\u00e9sir de faire cette \u00e9cole. Cependant, le seul lieu o\u00f9 l&rsquo;\u00e9cole \u00e9tait propos\u00e9e \u00e9tait \u00e0 Hawaii.  Alors que je faisais mon \u00e9cole d&rsquo;\u00e9vang\u00e9lisation, la 2e EIB au monde \u00e9tait dans son 2e trimestre. Pour faire court, en septembre cette ann\u00e9e-l\u00e0, je me suis retrouv\u00e9e \u00e0 Hawaii sous le leadership de Ron et Judy Smith comme \u00e9tudiant de leur 3e \u00e9cole. <\/p>\n<p>Pendant cette ann\u00e9e, j&rsquo;ai compris que cette \u00e9cole \u00e9tait quelque chose o\u00f9 Dieu m&rsquo;appelait au long terme. Je ne savais pas \u00e0 ce moment que ce serait vraiment du long terme et que plus de 27 ans plus tard je serais toujours impliqu\u00e9 dans cette \u00e9cole! Alors que j&rsquo;\u00e9tudiais \u00e0 Hawaii, les responsables de JEM en Angleterre ont achet\u00e9 le centre de JEM du King&rsquo;s Lodge afin de leur permettre d&rsquo;offrir plus de formation dans la nation et j&rsquo;ai \u00e9t\u00e9 invit\u00e9 \u00e0 implanter les EIB l\u00e0-bas. <\/p>\n<p>J&rsquo;ai dirig\u00e9 plusieurs EIB, form\u00e9 des staffs et responsables d&rsquo;\u00e9cole pour les EIB et les IEIB et implant\u00e9 l&rsquo;\u00e9cole d&rsquo;enseignement et pr\u00e9dication. J&rsquo;ai \u00e9galement travaill\u00e9 avec Jennifer Cuthbertson pour lancer une EIB d&rsquo;\u00e9tude \u00e0 distance qui est devenu le pr\u00e9curseur du cours en ligne. Je suis maintenant impliqu\u00e9 dans l&rsquo;une des aventures les plus excitantes en emmenant l&rsquo;EIB dans le monde virtuel. <\/p>\n<p>Je suis mari\u00e9 \u00e0 Linda, une am\u00e9ricaine qui a gracieusement adopt\u00e9 la culture anglaise, et nous avons deux enfants, Elisa et Jonathan.<br \/>\n<\/div><\/div><\/div><div id=\"\" class=\"x-container max width\" style=\"margin: 0px auto;padding: 0px;\" ><div  class=\"x-column x-sm x-1-1\" style=\"padding: 0px;\" >&nbsp;<\/div><\/div><\/div><div id=\"x-section-4\" class=\"x-section\" style=\"margin: 0px;padding: 45px 0px; background-color: hsl(90, 50%, 40%);\" ><div id=\"\" class=\"x-container max width\" style=\"margin: 0px auto;padding: 0px;\" ><div  class=\"x-column x-sm x-1-1\" style=\"padding: 0px;\" ><h2  class=\"h-custom-headline mtn mbn h3\" style=\"color: hsl(0, 0%, 99%);\"><span>Responsables et mentors francophones<\/span><\/h2><\/div><\/div><\/div><div id=\"x-section-5\" class=\"x-section\" style=\"margin: 0px;padding: 0px 0px 45px; background-color: transparent;\" ><div id=\"\" class=\"x-container max width\" style=\"margin: 0px auto;padding: 0px;\" ><div  class=\"x-column x-sm x-1-1\" style=\"padding: 0px;\" ><hr  class=\"x-gap\" style=\"margin: 50px 0 0 0;\"><div id=\"\" class=\"x-text\" style=\"\" ><\/div><\/div><\/div><div id=\"\" class=\"x-container max width\" style=\"margin: 0px auto;padding: 0px;\" ><div  class=\"x-column x-sm x-1-3\" style=\"padding: 0px;\" ><hr  class=\"x-gap x-hide-xl x-hide-sm x-hide-xs\" style=\"margin: 90px 0 0 0;\"><img decoding=\"async\"  class=\"x-img aligncenter x-img-thumbnail\"  src=\"https:\/\/onlinesbs.org\/fr\/wp-content\/uploads\/sites\/6\/Emmanuel-Medium.jpeg\" ><\/div><div  class=\"x-column x-sm x-2-3\" style=\"padding: 0px;\" ><h3  class=\"h-custom-headline cs-ta-center mtn mbs h3\" ><span>Emmanuel<\/span><\/h3><h6  class=\"h-custom-headline cs-ta-center mtn mbm h6\" ><span>Responsable EIB en fran\u00e7ais <\/span><\/h6><div  class=\"x-columnize\" >\n<p>Bonjour, je m\u2019appelle Emmanuel KAMDEM. Je suis Camerounais et je vis au Cameroun avec mon \u00e9pouse Eunice et nos enfants.<\/p>\n<p>J&rsquo;ai commenc\u00e9 mon aventure avec l&rsquo;EIB en 2015 sur un centre Jeunesse en Mission au Cameroun, et depuis pr\u00e8s de 10 ans j&rsquo;\u00e9tudie et j&rsquo;enseigne r\u00e9guli\u00e8rement la Bible dans les EIB de Jeunesse en Mission, et dans les \u00e9glises. J&rsquo;ai un minist\u00e8re d&rsquo;enseignant de la Parole de Dieu qui m&rsquo;a conduit dans plusieurs nations comme l&rsquo;Ouganda, la C\u00f4te d&rsquo;ivoire, Madagascar, la Tanzanie, le Pakistan et dans plusieurs r\u00e9gions et villages du Cameroun. Ma passion c&rsquo;est d&rsquo;apporter la transformation par l&rsquo;enseignement des v\u00e9rit\u00e9s bibliques, et de susciter des leaders chr\u00e9tiens int\u00e8gres dans les nations.<\/p>\n<p>Il y a quelques \u00e9coles bibliques disponibles en fran\u00e7ais pour \u00e9tudier la Bible, mais l\u2019approche que l\u2019EIB utilise est unique par le fait que vous \u00e9tudiez toute la Bible par vous-m\u00eame; pas juste une portion de la Bible, pas juste ce que certaines personnes pensent de la Bible, mais bien ce que vous \u00e9tudiez par vous-m\u00eame sur chacun des 66 livres que contient la Bible.<\/p>\n<p>Une bonne connaissance de la Bible qui nous transforme va transformer notre soci\u00e9t\u00e9 et c\u2019est mon d\u00e9sir de voir le monde francophone transform\u00e9 par la puissance de Dieu au travers de sa Parole ! Je me r\u00e9jouis donc de vous accompagner dans votre voyage avec l\u2019Etude Inductive de la Bible en ligne. Si vous avez des questions, n\u2019h\u00e9sitez pas \u00e0 contacter votre mentor ou moi-m\u00eame.<\/p>\n<\/div><\/div><\/div><div id=\"\" class=\"x-container max width\" style=\"margin: 0px auto;padding: 0px;\" ><div  class=\"x-column x-sm x-1-3\" style=\"padding: 0px;\" ><hr  class=\"x-gap x-hide-xl x-hide-lg x-hide-xs x-hide-sm\" style=\"margin: 70px 0 0 0;\"><hr  class=\"x-gap x-hide-lg x-hide-xl x-hide-md\" style=\"margin: 50px 0 0 0;\"><\/div><div  class=\"x-column x-sm x-2-3\" style=\"padding: 0px;\" >&nbsp;<\/div><\/div><\/div><\/div>\n","protected":false},"excerpt":{"rendered":"","protected":false},"author":1,"featured_media":0,"parent":0,"menu_order":0,"comment_status":"closed","ping_status":"closed","template":"template-blank-4.php","meta":{"iawp_total_views":53,"footnotes":""},"yoast_head":"<!-- This site is optimized with the Yoast SEO plugin v22.6 - https:\/\/yoast.com\/wordpress\/plugins\/seo\/ -->\n<title>Les responsables - YWAM Elearning French<\/title>\n<meta name=\"robots\" content=\"index, follow, max-snippet:-1, max-image-preview:large, max-video-preview:-1\" \/>\n<link rel=\"canonical\" href=\"https:\/\/onlinesbs.org\/fr\/les-responsables\/\" \/>\n<meta property=\"og:locale\" content=\"fr_FR\" \/>\n<meta property=\"og:type\" content=\"article\" \/>\n<meta property=\"og:title\" content=\"Les responsables - YWAM Elearning French\" \/>\n<meta property=\"og:url\" content=\"https:\/\/onlinesbs.org\/fr\/les-responsables\/\" \/>\n<meta property=\"og:site_name\" content=\"YWAM Elearning French\" \/>\n<meta property=\"article:modified_time\" content=\"2025-11-06T06:53:16+00:00\" \/>\n<meta name=\"twitter:card\" content=\"summary_large_image\" \/>\n<meta name=\"twitter:label1\" content=\"Dur\u00e9e de lecture estim\u00e9e\" \/>\n\t<meta name=\"twitter:data1\" content=\"9 minutes\" \/>\n<script type=\"application\/ld+json\" class=\"yoast-schema-graph\">{\"@context\":\"https:\/\/schema.org\",\"@graph\":[{\"@type\":\"WebPage\",\"@id\":\"https:\/\/onlinesbs.org\/fr\/les-responsables\/\",\"url\":\"https:\/\/onlinesbs.org\/fr\/les-responsables\/\",\"name\":\"Les responsables - YWAM Elearning French\",\"isPartOf\":{\"@id\":\"https:\/\/onlinesbs.org\/fr\/#website\"},\"datePublished\":\"2016-07-29T01:21:58+00:00\",\"dateModified\":\"2025-11-06T06:53:16+00:00\",\"breadcrumb\":{\"@id\":\"https:\/\/onlinesbs.org\/fr\/les-responsables\/#breadcrumb\"},\"inLanguage\":\"fr-FR\",\"potentialAction\":[{\"@type\":\"ReadAction\",\"target\":[\"https:\/\/onlinesbs.org\/fr\/les-responsables\/\"]}]},{\"@type\":\"BreadcrumbList\",\"@id\":\"https:\/\/onlinesbs.org\/fr\/les-responsables\/#breadcrumb\",\"itemListElement\":[{\"@type\":\"ListItem\",\"position\":1,\"name\":\"Home\",\"item\":\"https:\/\/onlinesbs.org\/fr\/\"},{\"@type\":\"ListItem\",\"position\":2,\"name\":\"Les responsables\"}]},{\"@type\":\"WebSite\",\"@id\":\"https:\/\/onlinesbs.org\/fr\/#website\",\"url\":\"https:\/\/onlinesbs.org\/fr\/\",\"name\":\"YWAM Elearning French\",\"description\":\"Bible Study for Everyone\",\"potentialAction\":[{\"@type\":\"SearchAction\",\"target\":{\"@type\":\"EntryPoint\",\"urlTemplate\":\"https:\/\/onlinesbs.org\/fr\/?s={search_term_string}\"},\"query-input\":\"required name=search_term_string\"}],\"inLanguage\":\"fr-FR\"}]}<\/script>\n<!-- \/ Yoast SEO plugin. -->","yoast_head_json":{"title":"Les responsables - YWAM Elearning French","robots":{"index":"index","follow":"follow","max-snippet":"max-snippet:-1","max-image-preview":"max-image-preview:large","max-video-preview":"max-video-preview:-1"},"canonical":"https:\/\/onlinesbs.org\/fr\/les-responsables\/","og_locale":"fr_FR","og_type":"article","og_title":"Les responsables - YWAM Elearning French","og_url":"https:\/\/onlinesbs.org\/fr\/les-responsables\/","og_site_name":"YWAM Elearning French","article_modified_time":"2025-11-06T06:53:16+00:00","twitter_card":"summary_large_image","twitter_misc":{"Dur\u00e9e de lecture estim\u00e9e":"9 minutes"},"schema":{"@context":"https:\/\/schema.org","@graph":[{"@type":"WebPage","@id":"https:\/\/onlinesbs.org\/fr\/les-responsables\/","url":"https:\/\/onlinesbs.org\/fr\/les-responsables\/","name":"Les responsables - YWAM Elearning French","isPartOf":{"@id":"https:\/\/onlinesbs.org\/fr\/#website"},"datePublished":"2016-07-29T01:21:58+00:00","dateModified":"2025-11-06T06:53:16+00:00","breadcrumb":{"@id":"https:\/\/onlinesbs.org\/fr\/les-responsables\/#breadcrumb"},"inLanguage":"fr-FR","potentialAction":[{"@type":"ReadAction","target":["https:\/\/onlinesbs.org\/fr\/les-responsables\/"]}]},{"@type":"BreadcrumbList","@id":"https:\/\/onlinesbs.org\/fr\/les-responsables\/#breadcrumb","itemListElement":[{"@type":"ListItem","position":1,"name":"Home","item":"https:\/\/onlinesbs.org\/fr\/"},{"@type":"ListItem","position":2,"name":"Les responsables"}]},{"@type":"WebSite","@id":"https:\/\/onlinesbs.org\/fr\/#website","url":"https:\/\/onlinesbs.org\/fr\/","name":"YWAM Elearning French","description":"Bible Study for Everyone","potentialAction":[{"@type":"SearchAction","target":{"@type":"EntryPoint","urlTemplate":"https:\/\/onlinesbs.org\/fr\/?s={search_term_string}"},"query-input":"required name=search_term_string"}],"inLanguage":"fr-FR"}]}},"_links":{"self":[{"href":"https:\/\/onlinesbs.org\/fr\/wp-json\/wp\/v2\/pages\/71"}],"collection":[{"href":"https:\/\/onlinesbs.org\/fr\/wp-json\/wp\/v2\/pages"}],"about":[{"href":"https:\/\/onlinesbs.org\/fr\/wp-json\/wp\/v2\/types\/page"}],"author":[{"embeddable":true,"href":"https:\/\/onlinesbs.org\/fr\/wp-json\/wp\/v2\/users\/1"}],"replies":[{"embeddable":true,"href":"https:\/\/onlinesbs.org\/fr\/wp-json\/wp\/v2\/comments?post=71"}],"version-history":[{"count":55,"href":"https:\/\/onlinesbs.org\/fr\/wp-json\/wp\/v2\/pages\/71\/revisions"}],"predecessor-version":[{"id":1089,"href":"https:\/\/onlinesbs.org\/fr\/wp-json\/wp\/v2\/pages\/71\/revisions\/1089"}],"wp:attachment":[{"href":"https:\/\/onlinesbs.org\/fr\/wp-json\/wp\/v2\/media?parent=71"}],"curies":[{"name":"wp","href":"https:\/\/api.w.org\/{rel}","templated":true}]}}