{"id":73,"date":"2016-07-29T01:22:53","date_gmt":"2016-07-29T01:22:53","guid":{"rendered":"https:\/\/onlinesbs.org\/fr\/?page_id=73"},"modified":"2025-11-07T01:05:28","modified_gmt":"2025-11-07T01:05:28","slug":"diplomes-eib","status":"publish","type":"page","link":"https:\/\/onlinesbs.org\/fr\/les-responsables\/diplomes-eib\/","title":{"rendered":"Dipl\u00f4m\u00e9s EIB"},"content":{"rendered":"<div id=\"cs-content\" class=\"cs-content\"><div id=\"x-section-1\" class=\"x-section\" style=\"margin: 0px;padding: 45px 0px; background-color: hsl(220, 100%, 30%);\" ><div id=\"\" class=\"x-container max width\" style=\"margin: 0px auto;padding: 0px;\" ><div  class=\"x-column x-sm x-1-1\" style=\"padding: 0px;\" ><h1  class=\"h-custom-headline mtn mbn h2\" style=\"color: hsl(0, 0%, 100%);\"><span>Opportunit\u00e9 pour les dipl\u00f4m\u00e9s EIB <\/span><\/h1><\/div><\/div><\/div><div id=\"x-section-2\" class=\"x-section bg-image parallax\" style=\"margin: 0px;padding: 65px 0px; background-image: url(https:\/\/onlinesbs.org\/fr\/wp-content\/uploads\/Disciple.jpg); background-color: hsl(0, 0%, 0%);\" data-x-element=\"section\" data-x-params=\"{&quot;type&quot;:&quot;image&quot;,&quot;parallax&quot;:true}\"><div id=\"\" class=\"x-container max width\" style=\"margin: 0px auto;padding: 0px;\" ><div  class=\"x-column x-sm x-1-1\" style=\"padding: 0px;\" ><hr  class=\"x-gap x-hide-sm x-hide-xs\" style=\"margin: 150px 0 0 0;\"><h2  class=\"h-custom-headline mtn mbn h3\" style=\"color: hsl(0, 0%, 100%);\"><span>Faire du discipulat et servir<\/span><\/h2><a  class=\"x-btn alignright x-btn-global\"  href=\"mailto:eib.enligne@gmail.com\"     data-options=\"thumbnail: ''\">Inscription pour rejoindre les staffs EIB <\/a><hr  class=\"x-gap x-hide-sm x-hide-xs\" style=\"margin: 150px 0 0 0;\"><\/div><\/div><\/div><div id=\"x-section-3\" class=\"x-section\" style=\"margin: 0px;padding: 65px 0px; background-color: transparent;\" ><div id=\"\" class=\"x-container max width\" style=\"margin: 0px auto;padding: 0px;\" ><div  class=\"x-column x-sm x-2-3\" style=\"padding: 0px;\" ><h3  class=\"h-custom-headline mtn mbs h3\" ><span>Une opportunit\u00e9 d&rsquo;assister et de grandir<\/span><\/h3><div id=\"\" class=\"x-text\" style=\"\" ><p>Alors que le nombre d&rsquo;\u00e9tudiant pour l&rsquo;EIB en ligne augmente, nous avons \u00e9galement besoin de voir notre \u00e9quipe de staff EIB augmenter. <\/p>\n<p>Si vous \u00eates d\u00eepl\u00f4m\u00e9s de l&rsquo;EIB et que vous avez aim\u00e9s et vu la valeur de votre temps dans le monde des EIB, et si vous aimeriez aider \u00e0 permettre que d&rsquo;autres puissent avoir la m\u00eame opportunit\u00e9, alors vous \u00eates peut-\u00eatre la personne que nous cherchons! <\/p>\n<\/div><hr  class=\"x-gap x-hide-xl x-hide-lg x-hide-md\" style=\"margin: 25px 0 0 0;\"><\/div><div  class=\"x-column x-sm x-1-3\" style=\"padding: 0px;\" ><img decoding=\"async\"  class=\"x-img x-img-rounded\"  src=\"https:\/\/onlinesbs.org\/fr\/wp-content\/uploads\/serving-staff.jpg\" alt=\"staff sbs\"><\/div><\/div><\/div><div id=\"x-section-4\" class=\"x-section\" style=\"margin: 0px;padding: 45px 0px 65px; background-color: hsl(90, 50%, 40%);\" ><div id=\"\" class=\"x-container max width\" style=\"margin: 0px auto;padding: 0px;\" ><div  class=\"x-column x-sm x-1-1\" style=\"padding: 0px 0px 15px;\" ><h3  class=\"h-custom-headline h3\" style=\"color: hsl(0, 0%, 100%);\"><span>Types de responsabilit\u00e9s que vous pourriez avoir :<\/span><\/h3><\/div><\/div><div id=\"\" class=\"x-container max width\" style=\"margin: 0px auto;padding: 0px;\" ><div  class=\"x-column x-sm x-1-3\" style=\"padding: 0px;\" ><div id=\"\" class=\"x-text cs-ta-justify\" style=\"color: #fff;\" ><p>\u2022 Faire connaissance avec les \u00e9tudiants. \u00e7a peut se faire par courriel mais une rencontre Zoom est une tr\u00e8s bonne mani\u00e8re de le faire.<\/p>\n<\/div><\/div><div  class=\"x-column x-sm x-1-3\" style=\"padding: 0px;\" ><div id=\"\" class=\"x-text cs-ta-justify\" style=\"color: #fff;\" ><p>\u2022 Apporter des encouragements aux \u00e9tudiants alors qu&rsquo;ils \u00e9tudient et r\u00e9pondez aux questions qu&rsquo;ils pourraient avoir.<\/p>\n<\/div><\/div><div  class=\"x-column x-sm x-1-3\" style=\"padding: 0px;\" ><div id=\"\" class=\"x-text cs-ta-justify\" style=\"color: #fff;\" ><p>\u2022 Prier pour les \u00e9tudiants<\/p>\n<\/div><\/div><\/div><div id=\"\" class=\"x-container max width\" style=\"margin: 0px auto;padding: 0px;\" ><div  class=\"x-column x-sm x-1-3\" style=\"padding: 0px;\" ><div id=\"\" class=\"x-text cs-ta-justify\" style=\"color: #fff;\" ><p>\u2022 Evaluer le travail des \u00e9tudiants. Le retour d&rsquo;\u00e9valuation est un temps important; c&rsquo;est un moment cl\u00e9 d&rsquo;enseignement et encouragement. Il y a un enseignement disponible pour cela. <\/p>\n<\/div><\/div><div  class=\"x-column x-sm x-1-3\" style=\"padding: 0px;\" ><div id=\"\" class=\"x-text cs-ta-justify\" style=\"color: #fff;\" ><p>\u2022 Donner un retour \u00e0 l&rsquo;\u00e9tudiant avec leur note pour chacun de leur devoir. <\/p>\n<\/div><\/div><div  class=\"x-column x-sm x-1-3\" style=\"padding: 0px;\" ><div id=\"\" class=\"x-text cs-ta-justify\" style=\"color: #fff;\" ><p>\u2022 Suivre de pr\u00e8s leur rythme pour leur donner de la redevabilit\u00e9 avec l&rsquo;\u00e9l\u00e9ment du temps.<\/p>\n<\/div><\/div><\/div><div id=\"\" class=\"x-container max width\" style=\"margin: 0px auto;padding: 0px;\" ><div  class=\"x-column x-sm x-1-3\" style=\"padding: 0px;\" ><div id=\"\" class=\"x-text cs-ta-justify\" style=\"color: #fff;\" ><p>\u2022 Veiller \u00e0 inscrire leur note lorsque c&rsquo;est n\u00e9cessaire.<\/p>\n<\/div><\/div><div  class=\"x-column x-sm x-1-3\" style=\"padding: 0px;\" ><div id=\"\" class=\"x-text cs-ta-justify\" style=\"color: #fff;\" ><p>\u2022 Participer \u00e0 la rencontre de staff de l&rsquo;EIB en ligne <\/p>\n<\/div><\/div><div  class=\"x-column x-sm x-1-3\" style=\"padding: 0px;\" ><div id=\"\" class=\"x-text cs-ta-justify\" style=\"color: #fff;\" ><p>\u2022 Participer au temps de rencontre avec les \u00e9tudiants et les forums<\/p>\n<\/div><\/div><\/div><\/div><div id=\"x-section-5\" class=\"x-section\" style=\"margin: 0px;padding: 45px 0px; background-color: hsl(0, 5%, 96%);\" ><div id=\"\" class=\"x-container max width\" style=\"margin: 0px auto;padding: 0px;\" ><div  class=\"x-column x-sm x-1-3\" style=\"padding: 0px;\" ><blockquote  class=\"x-blockquote\" style=\"font-size: 20px; background-color: #fff;\">Veuillez noter que c&rsquo;est un r\u00f4le volontaire, il n&rsquo;y a aucune r\u00e9mun\u00e9ration financi\u00e8re impliqu\u00e9e. <\/blockquote><\/div><div  class=\"x-column x-sm x-1-3\" style=\"padding: 0px;\" >&nbsp;<\/div><div  class=\"x-column x-sm x-1-3\" style=\"padding: 0px;\" ><blockquote  class=\"x-blockquote\" style=\"font-size: 20px; background-color: #fff;\">Nous sommes reconnaissant de votre consid\u00e9ration et croyons que vous aurez du plaisir \u00e0 \u00eatre partenaire avec nous. <\/blockquote><\/div><\/div><\/div><div id=\"staffjoin\" class=\"x-section\" style=\"margin: 0px;padding: 65px 0px; background-color: hsl(220, 100%, 30%);\" ><div id=\"\" class=\"x-container max width\" style=\"margin: 0px auto;padding: 0px;\" ><div  class=\"x-column x-sm x-1-1\" style=\"padding: 0px;\" ><h3  class=\"h-custom-headline cs-ta-center mtn mbs h3\" style=\"color: hsl(0, 0%, 100%);\"><span>Si vous pensez que c&rsquo;est quelque chose pour vous, veuillez remplir un formulaire d&rsquo;inscription de staff et nous prendrons contact avec vous.<\/span><\/h3><div id=\"\" class=\"x-text cs-ta-center\" style=\"color: #fff;\" ><p>Questions? &nbsp;<a  class=\"x-btn x-btn-rounded x-btn-mini\"  href=\"\/fr\/contact\"     data-options=\"thumbnail: ''\">Contactez-nous<\/a><\/p>\n<\/div><\/div><\/div><div id=\"\" class=\"x-container max width\" style=\"margin: 0px auto;padding: 0px;\" ><div  class=\"x-column x-sm x-1-5\" style=\"padding: 0px;\" >&nbsp;<\/div><div  class=\"x-column x-sm x-3-5\" style=\"padding: 0px;\" >&nbsp;<\/div><div  class=\"x-column x-sm x-1-5\" style=\"padding: 0px;\" >&nbsp;<\/div><\/div><\/div><div id=\"x-section-7\" class=\"x-section\" style=\"margin: 0px;padding: 45px 0px 25px; background-color: transparent;\" ><div id=\"\" class=\"x-container max width\" style=\"margin: 0px auto;padding: 0px;\" ><div  class=\"x-column x-sm x-1-1\" style=\"padding: 0px;\" ><div id=\"\" class=\"x-text cs-ta-center\" style=\"font-size: 12px;\" ><\/div><\/div><\/div><\/div><\/div>\n","protected":false},"excerpt":{"rendered":"","protected":false},"author":1,"featured_media":0,"parent":71,"menu_order":0,"comment_status":"closed","ping_status":"closed","template":"template-blank-4.php","meta":{"iawp_total_views":49,"footnotes":""},"yoast_head":"<!-- This site is optimized with the Yoast SEO plugin v22.6 - https:\/\/yoast.com\/wordpress\/plugins\/seo\/ -->\n<title>Dipl\u00f4m\u00e9s EIB - YWAM Elearning French<\/title>\n<meta name=\"robots\" content=\"index, follow, max-snippet:-1, max-image-preview:large, max-video-preview:-1\" \/>\n<link rel=\"canonical\" href=\"https:\/\/onlinesbs.org\/fr\/les-responsables\/diplomes-eib\/\" \/>\n<meta property=\"og:locale\" content=\"fr_FR\" \/>\n<meta property=\"og:type\" content=\"article\" \/>\n<meta property=\"og:title\" content=\"Dipl\u00f4m\u00e9s EIB - YWAM Elearning French\" \/>\n<meta property=\"og:url\" content=\"https:\/\/onlinesbs.org\/fr\/les-responsables\/diplomes-eib\/\" \/>\n<meta property=\"og:site_name\" content=\"YWAM Elearning French\" \/>\n<meta property=\"article:modified_time\" content=\"2025-11-07T01:05:28+00:00\" \/>\n<meta name=\"twitter:card\" content=\"summary_large_image\" \/>\n<meta name=\"twitter:label1\" content=\"Dur\u00e9e de lecture estim\u00e9e\" \/>\n\t<meta name=\"twitter:data1\" content=\"9 minutes\" \/>\n<script type=\"application\/ld+json\" class=\"yoast-schema-graph\">{\"@context\":\"https:\/\/schema.org\",\"@graph\":[{\"@type\":\"WebPage\",\"@id\":\"https:\/\/onlinesbs.org\/fr\/les-responsables\/diplomes-eib\/\",\"url\":\"https:\/\/onlinesbs.org\/fr\/les-responsables\/diplomes-eib\/\",\"name\":\"Dipl\u00f4m\u00e9s EIB - YWAM Elearning French\",\"isPartOf\":{\"@id\":\"https:\/\/onlinesbs.org\/fr\/#website\"},\"datePublished\":\"2016-07-29T01:22:53+00:00\",\"dateModified\":\"2025-11-07T01:05:28+00:00\",\"breadcrumb\":{\"@id\":\"https:\/\/onlinesbs.org\/fr\/les-responsables\/diplomes-eib\/#breadcrumb\"},\"inLanguage\":\"fr-FR\",\"potentialAction\":[{\"@type\":\"ReadAction\",\"target\":[\"https:\/\/onlinesbs.org\/fr\/les-responsables\/diplomes-eib\/\"]}]},{\"@type\":\"BreadcrumbList\",\"@id\":\"https:\/\/onlinesbs.org\/fr\/les-responsables\/diplomes-eib\/#breadcrumb\",\"itemListElement\":[{\"@type\":\"ListItem\",\"position\":1,\"name\":\"Home\",\"item\":\"https:\/\/onlinesbs.org\/fr\/\"},{\"@type\":\"ListItem\",\"position\":2,\"name\":\"Les responsables\",\"item\":\"https:\/\/onlinesbs.org\/fr\/les-responsables\/\"},{\"@type\":\"ListItem\",\"position\":3,\"name\":\"Dipl\u00f4m\u00e9s EIB\"}]},{\"@type\":\"WebSite\",\"@id\":\"https:\/\/onlinesbs.org\/fr\/#website\",\"url\":\"https:\/\/onlinesbs.org\/fr\/\",\"name\":\"YWAM Elearning French\",\"description\":\"Bible Study for Everyone\",\"potentialAction\":[{\"@type\":\"SearchAction\",\"target\":{\"@type\":\"EntryPoint\",\"urlTemplate\":\"https:\/\/onlinesbs.org\/fr\/?s={search_term_string}\"},\"query-input\":\"required name=search_term_string\"}],\"inLanguage\":\"fr-FR\"}]}<\/script>\n<!-- \/ Yoast SEO plugin. -->","yoast_head_json":{"title":"Dipl\u00f4m\u00e9s EIB - YWAM Elearning French","robots":{"index":"index","follow":"follow","max-snippet":"max-snippet:-1","max-image-preview":"max-image-preview:large","max-video-preview":"max-video-preview:-1"},"canonical":"https:\/\/onlinesbs.org\/fr\/les-responsables\/diplomes-eib\/","og_locale":"fr_FR","og_type":"article","og_title":"Dipl\u00f4m\u00e9s EIB - YWAM Elearning French","og_url":"https:\/\/onlinesbs.org\/fr\/les-responsables\/diplomes-eib\/","og_site_name":"YWAM Elearning French","article_modified_time":"2025-11-07T01:05:28+00:00","twitter_card":"summary_large_image","twitter_misc":{"Dur\u00e9e de lecture estim\u00e9e":"9 minutes"},"schema":{"@context":"https:\/\/schema.org","@graph":[{"@type":"WebPage","@id":"https:\/\/onlinesbs.org\/fr\/les-responsables\/diplomes-eib\/","url":"https:\/\/onlinesbs.org\/fr\/les-responsables\/diplomes-eib\/","name":"Dipl\u00f4m\u00e9s EIB - YWAM Elearning French","isPartOf":{"@id":"https:\/\/onlinesbs.org\/fr\/#website"},"datePublished":"2016-07-29T01:22:53+00:00","dateModified":"2025-11-07T01:05:28+00:00","breadcrumb":{"@id":"https:\/\/onlinesbs.org\/fr\/les-responsables\/diplomes-eib\/#breadcrumb"},"inLanguage":"fr-FR","potentialAction":[{"@type":"ReadAction","target":["https:\/\/onlinesbs.org\/fr\/les-responsables\/diplomes-eib\/"]}]},{"@type":"BreadcrumbList","@id":"https:\/\/onlinesbs.org\/fr\/les-responsables\/diplomes-eib\/#breadcrumb","itemListElement":[{"@type":"ListItem","position":1,"name":"Home","item":"https:\/\/onlinesbs.org\/fr\/"},{"@type":"ListItem","position":2,"name":"Les responsables","item":"https:\/\/onlinesbs.org\/fr\/les-responsables\/"},{"@type":"ListItem","position":3,"name":"Dipl\u00f4m\u00e9s EIB"}]},{"@type":"WebSite","@id":"https:\/\/onlinesbs.org\/fr\/#website","url":"https:\/\/onlinesbs.org\/fr\/","name":"YWAM Elearning French","description":"Bible Study for Everyone","potentialAction":[{"@type":"SearchAction","target":{"@type":"EntryPoint","urlTemplate":"https:\/\/onlinesbs.org\/fr\/?s={search_term_string}"},"query-input":"required name=search_term_string"}],"inLanguage":"fr-FR"}]}},"_links":{"self":[{"href":"https:\/\/onlinesbs.org\/fr\/wp-json\/wp\/v2\/pages\/73"}],"collection":[{"href":"https:\/\/onlinesbs.org\/fr\/wp-json\/wp\/v2\/pages"}],"about":[{"href":"https:\/\/onlinesbs.org\/fr\/wp-json\/wp\/v2\/types\/page"}],"author":[{"embeddable":true,"href":"https:\/\/onlinesbs.org\/fr\/wp-json\/wp\/v2\/users\/1"}],"replies":[{"embeddable":true,"href":"https:\/\/onlinesbs.org\/fr\/wp-json\/wp\/v2\/comments?post=73"}],"version-history":[{"count":32,"href":"https:\/\/onlinesbs.org\/fr\/wp-json\/wp\/v2\/pages\/73\/revisions"}],"predecessor-version":[{"id":1100,"href":"https:\/\/onlinesbs.org\/fr\/wp-json\/wp\/v2\/pages\/73\/revisions\/1100"}],"up":[{"embeddable":true,"href":"https:\/\/onlinesbs.org\/fr\/wp-json\/wp\/v2\/pages\/71"}],"wp:attachment":[{"href":"https:\/\/onlinesbs.org\/fr\/wp-json\/wp\/v2\/media?parent=73"}],"curies":[{"name":"wp","href":"https:\/\/api.w.org\/{rel}","templated":true}]}}