{"id":78,"date":"2016-07-29T01:24:21","date_gmt":"2016-07-29T01:24:21","guid":{"rendered":"https:\/\/onlinesbs.org\/fr\/?page_id=78"},"modified":"2025-11-07T01:00:39","modified_gmt":"2025-11-07T01:00:39","slug":"finances","status":"publish","type":"page","link":"https:\/\/onlinesbs.org\/fr\/finances\/","title":{"rendered":"Finances"},"content":{"rendered":"<div id=\"cs-content\" class=\"cs-content\"><div id=\"x-section-1\" class=\"x-section\" style=\"margin: 0px;padding: 45px 0px; background-color: hsl(220, 100%, 30%);\" ><div id=\"\" class=\"x-container max width\" style=\"margin: 0px auto;padding: 0px;\" ><div  class=\"x-column x-sm x-1-1\" style=\"padding: 0px;\" ><h1  class=\"h-custom-headline mtn mbn h2\" style=\"color: hsl(0, 0%, 100%);\"><span>Frais pour l&rsquo;EIB en ligne<\/span><\/h1><\/div><\/div><\/div><div id=\"x-section-2\" class=\"x-section bg-image parallax\" style=\"margin: 0px;padding: 45px 0px; background-image: url(https:\/\/onlinesbs.org\/fr\/wp-content\/uploads\/map.jpg); background-color: transparent;\" data-x-element=\"section\" data-x-params=\"{&quot;type&quot;:&quot;image&quot;,&quot;parallax&quot;:true}\"><div id=\"\" class=\"x-container max width\" style=\"margin: 0px auto;padding: 0px;\" ><div  class=\"x-column x-sm x-1-1\" style=\"padding: 0px;\" ><hr  class=\"x-gap\" style=\"margin: 150px 0 0 0;\"><h2  class=\"h-custom-headline mtn mbn h2\" style=\"color: #fff; text-shadow: 1px 1px 2px rgba(0, 0, 0, 1);\"><span>Paiements et proc\u00e9d\u00e9s <\/span><\/h2><hr  class=\"x-gap\" style=\"margin: 150px 0 0 0;\"><\/div><\/div><\/div><div id=\"x-section-3\" class=\"x-section\" style=\"margin: 0px;padding: 45px 0px; background-color: transparent;\" ><div id=\"\" class=\"x-container max width\" style=\"margin: 0px auto;padding: 0px;\" ><div  class=\"x-column x-sm x-1-2\" style=\"padding: 0px;\" ><div id=\"\" class=\"x-text\" style=\"\" ><p style=\"font-weight: 400;\">Nous voulons que l\u2019EIB en ligne soit accessible \u00e0 toute personne de toute nation.<\/p>\n<p style=\"font-weight: 400;\">Frais d\u2019inscription : 15 \u20ac<\/p>\n<p style=\"font-weight: 400;\">Frais par module : 35 \u20ac <span>\u00a0<\/span><\/p>\n<\/div><\/div><div  class=\"x-column x-sm x-1-2\" style=\"padding: 0px;\" ><hr  class=\"x-gap\" style=\"margin: 20px 0 0 0;\"><\/div><\/div><\/div><div id=\"payment\" class=\"x-section\" style=\"margin: 0px;padding: 15px 0px 45px; background-color: transparent;\" ><div id=\"\" class=\"x-container max width\" style=\"margin: 0px auto;padding: 0px;\" ><div  class=\"x-column x-sm x-1-1\" style=\"padding: 0px;\" ><hr  class=\"x-hr\" style=\"border-top-color: hsl(0, 11%, 85%);border-top-width: 2px;width: 100%;\"><\/div><\/div><div id=\"\" class=\"x-container max width\" style=\"margin: 0px auto;padding: 0px;\" ><div  class=\"x-column x-sm x-1-2\" style=\"padding: 0px;\" ><div id=\"\" class=\"x-text\" style=\"\" ><p class=\"p1\">Un remboursement est envisageable seulement pour les \u00e9tudiants qui doivent interrompre un module d\u00fb \u00e0 des situations att\u00e9nuantes tel que la mort d\u2019un membre de la famille ou une maladie s\u00e9rieuse.<\/p>\n<p class=\"p1\">Le remboursement est d\u00fb pour un module non entam\u00e9.<\/p>\n<\/div><\/div><div  class=\"x-column x-sm x-1-2\" style=\"padding: 0px;\" ><ul id=\"\" class=\"x-ul-icons\" style=\"\" ><\/ul><div  class=\"x-widget-area\" ><div id=\"currency_converter-2\" class=\"widget widget_currency_converter\"><h4 class=\"h-widget\"><\/h4><!-Currency Converter widget - HTML code - fx-rates.net -->\n\t     <div  style=\"width:230px; background-color:;border:2px solid #888;text-align:center;margin: auto; padding: 0px;margin-top:10px!important\"><div style=\"margin: 0px; padding: 0px;text-align:center;align:center;background-color:;border-bottom:1px solid #888;width:100%\">\n\t     <a class=\"VSlabel\" \n\t     style=\"font-size:10px!important;line-height:16px!important;font-family:arial;text-weight:bold;margin-bottom:6px;text-decoration:none;color:#000000\" href=\"https:\/\/fx-rate.net\/\">Currency Converter<\/a><\/div><script type=\"text\/javascript\" src=\"https:\/\/fx-rate.net\/wp_converter.php?size=short&layout=vertical&amount=120&tcolor=000000&default_pair=USD\/GBP\"><\/script><\/div><!-end of code--><\/div><\/div><\/div><\/div><\/div><\/div>\n","protected":false},"excerpt":{"rendered":"","protected":false},"author":1,"featured_media":0,"parent":0,"menu_order":0,"comment_status":"closed","ping_status":"closed","template":"template-blank-4.php","meta":{"iawp_total_views":83,"footnotes":""},"yoast_head":"<!-- This site is optimized with the Yoast SEO plugin v22.6 - https:\/\/yoast.com\/wordpress\/plugins\/seo\/ -->\n<title>Finances - YWAM Elearning French<\/title>\n<meta name=\"robots\" content=\"index, follow, max-snippet:-1, max-image-preview:large, max-video-preview:-1\" \/>\n<link rel=\"canonical\" href=\"https:\/\/onlinesbs.org\/fr\/finances\/\" \/>\n<meta property=\"og:locale\" content=\"fr_FR\" \/>\n<meta property=\"og:type\" content=\"article\" \/>\n<meta property=\"og:title\" content=\"Finances - YWAM Elearning French\" \/>\n<meta property=\"og:url\" content=\"https:\/\/onlinesbs.org\/fr\/finances\/\" \/>\n<meta property=\"og:site_name\" content=\"YWAM Elearning French\" \/>\n<meta property=\"article:modified_time\" content=\"2025-11-07T01:00:39+00:00\" \/>\n<meta name=\"twitter:card\" content=\"summary_large_image\" \/>\n<meta name=\"twitter:label1\" content=\"Dur\u00e9e de lecture estim\u00e9e\" \/>\n\t<meta name=\"twitter:data1\" content=\"3 minutes\" \/>\n<script type=\"application\/ld+json\" class=\"yoast-schema-graph\">{\"@context\":\"https:\/\/schema.org\",\"@graph\":[{\"@type\":\"WebPage\",\"@id\":\"https:\/\/onlinesbs.org\/fr\/finances\/\",\"url\":\"https:\/\/onlinesbs.org\/fr\/finances\/\",\"name\":\"Finances - YWAM Elearning French\",\"isPartOf\":{\"@id\":\"https:\/\/onlinesbs.org\/fr\/#website\"},\"datePublished\":\"2016-07-29T01:24:21+00:00\",\"dateModified\":\"2025-11-07T01:00:39+00:00\",\"breadcrumb\":{\"@id\":\"https:\/\/onlinesbs.org\/fr\/finances\/#breadcrumb\"},\"inLanguage\":\"fr-FR\",\"potentialAction\":[{\"@type\":\"ReadAction\",\"target\":[\"https:\/\/onlinesbs.org\/fr\/finances\/\"]}]},{\"@type\":\"BreadcrumbList\",\"@id\":\"https:\/\/onlinesbs.org\/fr\/finances\/#breadcrumb\",\"itemListElement\":[{\"@type\":\"ListItem\",\"position\":1,\"name\":\"Home\",\"item\":\"https:\/\/onlinesbs.org\/fr\/\"},{\"@type\":\"ListItem\",\"position\":2,\"name\":\"Finances\"}]},{\"@type\":\"WebSite\",\"@id\":\"https:\/\/onlinesbs.org\/fr\/#website\",\"url\":\"https:\/\/onlinesbs.org\/fr\/\",\"name\":\"YWAM Elearning French\",\"description\":\"Bible Study for Everyone\",\"potentialAction\":[{\"@type\":\"SearchAction\",\"target\":{\"@type\":\"EntryPoint\",\"urlTemplate\":\"https:\/\/onlinesbs.org\/fr\/?s={search_term_string}\"},\"query-input\":\"required name=search_term_string\"}],\"inLanguage\":\"fr-FR\"}]}<\/script>\n<!-- \/ Yoast SEO plugin. -->","yoast_head_json":{"title":"Finances - YWAM Elearning French","robots":{"index":"index","follow":"follow","max-snippet":"max-snippet:-1","max-image-preview":"max-image-preview:large","max-video-preview":"max-video-preview:-1"},"canonical":"https:\/\/onlinesbs.org\/fr\/finances\/","og_locale":"fr_FR","og_type":"article","og_title":"Finances - YWAM Elearning French","og_url":"https:\/\/onlinesbs.org\/fr\/finances\/","og_site_name":"YWAM Elearning French","article_modified_time":"2025-11-07T01:00:39+00:00","twitter_card":"summary_large_image","twitter_misc":{"Dur\u00e9e de lecture estim\u00e9e":"3 minutes"},"schema":{"@context":"https:\/\/schema.org","@graph":[{"@type":"WebPage","@id":"https:\/\/onlinesbs.org\/fr\/finances\/","url":"https:\/\/onlinesbs.org\/fr\/finances\/","name":"Finances - YWAM Elearning French","isPartOf":{"@id":"https:\/\/onlinesbs.org\/fr\/#website"},"datePublished":"2016-07-29T01:24:21+00:00","dateModified":"2025-11-07T01:00:39+00:00","breadcrumb":{"@id":"https:\/\/onlinesbs.org\/fr\/finances\/#breadcrumb"},"inLanguage":"fr-FR","potentialAction":[{"@type":"ReadAction","target":["https:\/\/onlinesbs.org\/fr\/finances\/"]}]},{"@type":"BreadcrumbList","@id":"https:\/\/onlinesbs.org\/fr\/finances\/#breadcrumb","itemListElement":[{"@type":"ListItem","position":1,"name":"Home","item":"https:\/\/onlinesbs.org\/fr\/"},{"@type":"ListItem","position":2,"name":"Finances"}]},{"@type":"WebSite","@id":"https:\/\/onlinesbs.org\/fr\/#website","url":"https:\/\/onlinesbs.org\/fr\/","name":"YWAM Elearning French","description":"Bible Study for Everyone","potentialAction":[{"@type":"SearchAction","target":{"@type":"EntryPoint","urlTemplate":"https:\/\/onlinesbs.org\/fr\/?s={search_term_string}"},"query-input":"required name=search_term_string"}],"inLanguage":"fr-FR"}]}},"_links":{"self":[{"href":"https:\/\/onlinesbs.org\/fr\/wp-json\/wp\/v2\/pages\/78"}],"collection":[{"href":"https:\/\/onlinesbs.org\/fr\/wp-json\/wp\/v2\/pages"}],"about":[{"href":"https:\/\/onlinesbs.org\/fr\/wp-json\/wp\/v2\/types\/page"}],"author":[{"embeddable":true,"href":"https:\/\/onlinesbs.org\/fr\/wp-json\/wp\/v2\/users\/1"}],"replies":[{"embeddable":true,"href":"https:\/\/onlinesbs.org\/fr\/wp-json\/wp\/v2\/comments?post=78"}],"version-history":[{"count":131,"href":"https:\/\/onlinesbs.org\/fr\/wp-json\/wp\/v2\/pages\/78\/revisions"}],"predecessor-version":[{"id":1098,"href":"https:\/\/onlinesbs.org\/fr\/wp-json\/wp\/v2\/pages\/78\/revisions\/1098"}],"wp:attachment":[{"href":"https:\/\/onlinesbs.org\/fr\/wp-json\/wp\/v2\/media?parent=78"}],"curies":[{"name":"wp","href":"https:\/\/api.w.org\/{rel}","templated":true}]}}